{"id":486,"date":"2025-05-03T04:55:53","date_gmt":"2025-05-03T04:55:53","guid":{"rendered":"https:\/\/12d-wp-acc.inmotiv.be\/?page_id=486"},"modified":"2025-10-06T08:05:20","modified_gmt":"2025-10-06T08:05:20","slug":"landing-page-12app-fr","status":"publish","type":"page","link":"https:\/\/12d-wp-acc.inmotiv.be\/index.php\/landing-page-12app-fr\/","title":{"rendered":"Landing page 12app FR"},"content":{"rendered":"\t\t<div data-elementor-type=\"wp-page\" data-elementor-id=\"486\" class=\"elementor elementor-486\">\n\t\t\t\t<div class=\"elementor-element elementor-element-d671fc3 e-flex e-con-boxed e-con e-parent\" data-id=\"d671fc3\" data-element_type=\"container\" data-settings=\"{&quot;content_width&quot;:&quot;boxed&quot;}\" data-core-v316-plus=\"true\">\n\t\t\t\t\t<div class=\"e-con-inner\">\n\t\t\t\t<div class=\"elementor-element elementor-element-da04895 elementor-widget elementor-widget-heading\" data-id=\"da04895\" data-element_type=\"widget\" data-widget_type=\"heading.default\">\n\t\t\t\t<div class=\"elementor-widget-container\">\n\t\t\t<style>\/*! elementor - v3.19.0 - 29-01-2024 *\/\n.elementor-heading-title{padding:0;margin:0;line-height:1}.elementor-widget-heading .elementor-heading-title[class*=elementor-size-]>a{color:inherit;font-size:inherit;line-height:inherit}.elementor-widget-heading .elementor-heading-title.elementor-size-small{font-size:15px}.elementor-widget-heading .elementor-heading-title.elementor-size-medium{font-size:19px}.elementor-widget-heading .elementor-heading-title.elementor-size-large{font-size:29px}.elementor-widget-heading .elementor-heading-title.elementor-size-xl{font-size:39px}.elementor-widget-heading .elementor-heading-title.elementor-size-xxl{font-size:59px}<\/style><h2 class=\"elementor-heading-title elementor-size-default\"><br>L'immatriculation des v\u00e9hicules simplifi\u00e9e<\/h2>\t\t<\/div>\n\t\t\t\t<\/div>\n\t\t\t\t<div class=\"elementor-element elementor-element-2e4fa24 elementor-widget elementor-widget-text-editor\" data-id=\"2e4fa24\" data-element_type=\"widget\" data-widget_type=\"text-editor.default\">\n\t\t\t\t<div class=\"elementor-widget-container\">\n\t\t\t<style>\/*! elementor - v3.19.0 - 29-01-2024 *\/\n.elementor-widget-text-editor.elementor-drop-cap-view-stacked .elementor-drop-cap{background-color:#69727d;color:#fff}.elementor-widget-text-editor.elementor-drop-cap-view-framed .elementor-drop-cap{color:#69727d;border:3px solid;background-color:transparent}.elementor-widget-text-editor:not(.elementor-drop-cap-view-default) .elementor-drop-cap{margin-top:8px}.elementor-widget-text-editor:not(.elementor-drop-cap-view-default) .elementor-drop-cap-letter{width:1em;height:1em}.elementor-widget-text-editor .elementor-drop-cap{float:left;text-align:center;line-height:1;font-size:50px}.elementor-widget-text-editor .elementor-drop-cap-letter{display:inline-block}<\/style>\t\t\t\t<p>Bienvenue sur notre site ! Vous pouvez facilement immatriculer votre v\u00e9hicule en t\u00e9l\u00e9chargeant et en signant le formulaire rose. Pour commencer, suivez les \u00e9tapes ci-dessous.<\/p>\t\t\t\t\t\t<\/div>\n\t\t\t\t<\/div>\n\t\t\t\t<div class=\"elementor-element elementor-element-e4f8f6b elementor-widget elementor-widget-heading\" data-id=\"e4f8f6b\" data-element_type=\"widget\" data-widget_type=\"heading.default\">\n\t\t\t\t<div class=\"elementor-widget-container\">\n\t\t\t<h2 class=\"elementor-heading-title elementor-size-default\">Comment \u00e7a marche ?<\/h2>\t\t<\/div>\n\t\t\t\t<\/div>\n\t\t\t\t<div class=\"elementor-element elementor-element-2e37088 elementor-widget elementor-widget-text-editor\" data-id=\"2e37088\" data-element_type=\"widget\" data-widget_type=\"text-editor.default\">\n\t\t\t\t<div class=\"elementor-widget-container\">\n\t\t\t\t\t\t\t<ol><li><p>T\u00e9l\u00e9chargez votre formulaire rose.<\/p><\/li><li><p>Signez le formulaire num\u00e9riquement.<\/p><\/li><li><p>Soumettez votre demande et recevez votre inscription rapidement !<\/p><\/li><\/ol>\t\t\t\t\t\t<\/div>\n\t\t\t\t<\/div>\n\t\t\t\t<div class=\"elementor-element elementor-element-62aeec4 elementor-widget elementor-widget-heading\" data-id=\"62aeec4\" data-element_type=\"widget\" data-widget_type=\"heading.default\">\n\t\t\t\t<div class=\"elementor-widget-container\">\n\t\t\t<h2 class=\"elementor-heading-title elementor-size-default\">Pourquoi choisir notre service?<\/h2>\t\t<\/div>\n\t\t\t\t<\/div>\n\t\t\t\t<div class=\"elementor-element elementor-element-5c6f064 elementor-widget elementor-widget-text-editor\" data-id=\"5c6f064\" data-element_type=\"widget\" data-widget_type=\"text-editor.default\">\n\t\t\t\t<div class=\"elementor-widget-container\">\n\t\t\t\t\t\t\t<ul><li><p>Traitement rapide de votre demande.<\/p><\/li><li><p>S\u00fbr et fiable.<\/p><\/li><li><p>Un accompagnement de notre \u00e9quipe \u00e0 chaque \u00e9tape.<\/p><\/li><\/ul>\t\t\t\t\t\t<\/div>\n\t\t\t\t<\/div>\n\t\t\t\t\t<\/div>\n\t\t\t\t<\/div>\n\t\t\t\t<\/div>\n\t\t","protected":false},"excerpt":{"rendered":"<p>L&#8217;immatriculation des v\u00e9hicules simplifi\u00e9e Bienvenue sur notre site ! Vous pouvez facilement immatriculer votre v\u00e9hicule en t\u00e9l\u00e9chargeant et en signant le formulaire rose. Pour commencer, suivez les \u00e9tapes ci-dessous. Comment \u00e7a marche ? T\u00e9l\u00e9chargez votre formulaire rose. Signez le formulaire num\u00e9riquement. Soumettez votre demande et recevez votre inscription rapidement ! Pourquoi choisir notre service? Traitement [&hellip;]<\/p>\n","protected":false},"author":1,"featured_media":0,"parent":0,"menu_order":0,"comment_status":"closed","ping_status":"closed","template":"iframe","meta":{"footnotes":""},"_links":{"self":[{"href":"https:\/\/12d-wp-acc.inmotiv.be\/index.php\/wp-json\/wp\/v2\/pages\/486"}],"collection":[{"href":"https:\/\/12d-wp-acc.inmotiv.be\/index.php\/wp-json\/wp\/v2\/pages"}],"about":[{"href":"https:\/\/12d-wp-acc.inmotiv.be\/index.php\/wp-json\/wp\/v2\/types\/page"}],"author":[{"embeddable":true,"href":"https:\/\/12d-wp-acc.inmotiv.be\/index.php\/wp-json\/wp\/v2\/users\/1"}],"replies":[{"embeddable":true,"href":"https:\/\/12d-wp-acc.inmotiv.be\/index.php\/wp-json\/wp\/v2\/comments?post=486"}],"version-history":[{"count":10,"href":"https:\/\/12d-wp-acc.inmotiv.be\/index.php\/wp-json\/wp\/v2\/pages\/486\/revisions"}],"predecessor-version":[{"id":520,"href":"https:\/\/12d-wp-acc.inmotiv.be\/index.php\/wp-json\/wp\/v2\/pages\/486\/revisions\/520"}],"wp:attachment":[{"href":"https:\/\/12d-wp-acc.inmotiv.be\/index.php\/wp-json\/wp\/v2\/media?parent=486"}],"curies":[{"name":"wp","href":"https:\/\/api.w.org\/{rel}","templated":true}]}}