{"id":22,"date":"2023-11-14T10:51:00","date_gmt":"2023-11-14T10:51:00","guid":{"rendered":"https:\/\/der-wp-acc.inmotiv.be\/?page_id=22"},"modified":"2024-07-07T16:51:24","modified_gmt":"2024-07-07T16:51:24","slug":"estimation-de-degats","status":"publish","type":"page","link":"https:\/\/12d-wp-acc.inmotiv.be\/index.php\/estimation-de-degats\/","title":{"rendered":"Estimation de d\u00e9g\u00e2ts"},"content":{"rendered":"\t\t<div data-elementor-type=\"wp-page\" data-elementor-id=\"22\" class=\"elementor elementor-22\">\n\t\t\t\t<div class=\"elementor-element elementor-element-607b4df7 e-flex e-con-boxed e-con e-parent\" data-id=\"607b4df7\" data-element_type=\"container\" data-settings=\"{&quot;content_width&quot;:&quot;boxed&quot;}\" data-core-v316-plus=\"true\">\n\t\t\t\t\t<div class=\"e-con-inner\">\n\t\t\t\t<div class=\"elementor-element elementor-element-1e043bd9 elementor-widget elementor-widget-text-editor\" data-id=\"1e043bd9\" data-element_type=\"widget\" data-widget_type=\"text-editor.default\">\n\t\t\t\t<div class=\"elementor-widget-container\">\n\t\t\t<style>\/*! elementor - v3.19.0 - 29-01-2024 *\/\n.elementor-widget-text-editor.elementor-drop-cap-view-stacked .elementor-drop-cap{background-color:#69727d;color:#fff}.elementor-widget-text-editor.elementor-drop-cap-view-framed .elementor-drop-cap{color:#69727d;border:3px solid;background-color:transparent}.elementor-widget-text-editor:not(.elementor-drop-cap-view-default) .elementor-drop-cap{margin-top:8px}.elementor-widget-text-editor:not(.elementor-drop-cap-view-default) .elementor-drop-cap-letter{width:1em;height:1em}.elementor-widget-text-editor .elementor-drop-cap{float:left;text-align:center;line-height:1;font-size:50px}.elementor-widget-text-editor .elementor-drop-cap-letter{display:inline-block}<\/style>\t\t\t\t<p style=\"text-align: center;\"><span style=\"font-size: 18pt;\"><span style=\"color: #97bf00; font-family: georgia, palatino, serif;\"><span style=\"font-size: 24pt; font-family: impact, sans-serif;\"><span style=\"font-size: 36pt; font-family: helvetica, arial, sans-serif;\"><strong>Des d\u00e9g\u00e2ts sur votre v\u00e9hicule?<\/strong><\/span><\/span><\/span><\/span><\/p>\t\t\t\t\t\t<\/div>\n\t\t\t\t<\/div>\n\t\t\t\t<div class=\"elementor-element elementor-element-21167994 elementor-widget elementor-widget-image\" data-id=\"21167994\" data-element_type=\"widget\" data-widget_type=\"image.default\">\n\t\t\t\t<div class=\"elementor-widget-container\">\n\t\t\t<style>\/*! elementor - v3.19.0 - 29-01-2024 *\/\n.elementor-widget-image{text-align:center}.elementor-widget-image a{display:inline-block}.elementor-widget-image a img[src$=\".svg\"]{width:48px}.elementor-widget-image img{vertical-align:middle;display:inline-block}<\/style>\t\t\t\t\t\t\t\t\t\t<img decoding=\"async\" width=\"300\" height=\"113\" src=\"https:\/\/12d-wp-acc.inmotiv.be\/wp-content\/uploads\/2024\/05\/AdobeStock_728008729-kleiner-1-300x113.png\" class=\"attachment-medium size-medium wp-image-267\" alt=\"\" srcset=\"https:\/\/12d-wp-acc.inmotiv.be\/wp-content\/uploads\/2024\/05\/AdobeStock_728008729-kleiner-1-300x113.png 300w, https:\/\/12d-wp-acc.inmotiv.be\/wp-content\/uploads\/2024\/05\/AdobeStock_728008729-kleiner-1-768x289.png 768w, https:\/\/12d-wp-acc.inmotiv.be\/wp-content\/uploads\/2024\/05\/AdobeStock_728008729-kleiner-1.png 979w\" sizes=\"(max-width: 300px) 100vw, 300px\" \/>\t\t\t\t\t\t\t\t\t\t\t\t\t<\/div>\n\t\t\t\t<\/div>\n\t\t\t\t<div class=\"elementor-element elementor-element-36039c4 elementor-widget elementor-widget-button\" data-id=\"36039c4\" data-element_type=\"widget\" data-widget_type=\"button.default\">\n\t\t\t\t<div class=\"elementor-widget-container\">\n\t\t\t\t\t<div class=\"elementor-button-wrapper\">\n\t\t\t<a class=\"elementor-button elementor-button-link elementor-size-lg\" href=\"https:\/\/damage-estimation.netlify.app\/#\/start-estimation\" target=\"_top\">\n\t\t\t\t\t\t<span class=\"elementor-button-content-wrapper\">\n\t\t\t\t\t\t<span class=\"elementor-button-text\">Cliquez ici et calculez imm\u00e9diatement les frais de r\u00e9paration!<\/span>\n\t\t<\/span>\n\t\t\t\t\t<\/a>\n\t\t<\/div>\n\t\t\t\t<\/div>\n\t\t\t\t<\/div>\n\t\t\t\t\t<\/div>\n\t\t\t\t<\/div>\n\t\t<div class=\"elementor-element elementor-element-62b08ac1 e-flex e-con-boxed e-con e-parent\" data-id=\"62b08ac1\" data-element_type=\"container\" data-settings=\"{&quot;content_width&quot;:&quot;boxed&quot;}\" data-core-v316-plus=\"true\">\n\t\t\t\t\t<div class=\"e-con-inner\">\n\t\t<div class=\"elementor-element elementor-element-4411c0d4 e-con-full e-flex e-con e-child\" data-id=\"4411c0d4\" data-element_type=\"container\" data-settings=\"{&quot;content_width&quot;:&quot;full&quot;}\">\n\t\t\t\t<div class=\"elementor-element elementor-element-2dccf098 elementor-widget elementor-widget-text-editor\" data-id=\"2dccf098\" data-element_type=\"widget\" data-widget_type=\"text-editor.default\">\n\t\t\t\t<div class=\"elementor-widget-container\">\n\t\t\t\t\t\t\t<p style=\"text-align: center;\" align=\"center\"><span style=\"font-family: Helvetica, sans-serif; color: gray; font-size: 12pt;\"><span style=\"font-size: 24pt; color: #97bf00;\">\u2666<br \/><\/span><\/span><span class=\"Y2IQFc\" lang=\"fr\" style=\"font-family: helvetica, arial, sans-serif;\">Avec ce calculateur en ligne, vous pouvez estimer rapidement, facilement et avec pr\u00e9cision les co\u00fbts de r\u00e9paration de votre v\u00e9hicule.<\/span><\/p>\t\t\t\t\t\t<\/div>\n\t\t\t\t<\/div>\n\t\t\t\t<\/div>\n\t\t<div class=\"elementor-element elementor-element-58374c78 e-con-full e-flex e-con e-child\" data-id=\"58374c78\" data-element_type=\"container\" data-settings=\"{&quot;content_width&quot;:&quot;full&quot;}\">\n\t\t\t\t<div class=\"elementor-element elementor-element-4c999e0b elementor-widget elementor-widget-text-editor\" data-id=\"4c999e0b\" data-element_type=\"widget\" data-widget_type=\"text-editor.default\">\n\t\t\t\t<div class=\"elementor-widget-container\">\n\t\t\t\t\t\t\t<p style=\"text-align: center;\" align=\"center\"><span style=\"font-family: 'Helvetica',sans-serif; color: gray;\"><span style=\"font-family: Helvetica, sans-serif; color: gray; font-size: 12pt;\"><span style=\"font-size: 24pt; color: #97bf00;\">\u2666<\/span><\/span><br \/><span style=\"font-family: helvetica, arial, sans-serif;\">Le rapport d&#8217;estimation est disponible imm\u00e9diatement !<\/span><\/span><\/p>\t\t\t\t\t\t<\/div>\n\t\t\t\t<\/div>\n\t\t\t\t<\/div>\n\t\t<div class=\"elementor-element elementor-element-4d4f40a e-con-full e-flex e-con e-child\" data-id=\"4d4f40a\" data-element_type=\"container\" data-settings=\"{&quot;content_width&quot;:&quot;full&quot;}\">\n\t\t\t\t<div class=\"elementor-element elementor-element-4b0b7fb elementor-widget elementor-widget-text-editor\" data-id=\"4b0b7fb\" data-element_type=\"widget\" data-widget_type=\"text-editor.default\">\n\t\t\t\t<div class=\"elementor-widget-container\">\n\t\t\t\t\t\t\t<p style=\"text-align: center;\" align=\"center\"><span style=\"font-family: 'Helvetica',sans-serif; color: gray;\"><span style=\"font-family: Helvetica, sans-serif; color: gray; font-size: 12pt;\"><span style=\"font-size: 24pt; color: #97bf00;\">\u2666<\/span><\/span><br \/>Seulement 9,90 \u20ac par calcul, rapport d\u00e9taill\u00e9 compris.<br \/><\/span><\/p>\t\t\t\t\t\t<\/div>\n\t\t\t\t<\/div>\n\t\t\t\t<\/div>\n\t\t<div class=\"elementor-element elementor-element-470287e3 e-con-full e-flex e-con e-child\" data-id=\"470287e3\" data-element_type=\"container\" data-settings=\"{&quot;content_width&quot;:&quot;full&quot;}\">\n\t\t\t\t<div class=\"elementor-element elementor-element-3fe8b431 elementor-widget elementor-widget-text-editor\" data-id=\"3fe8b431\" data-element_type=\"widget\" data-widget_type=\"text-editor.default\">\n\t\t\t\t<div class=\"elementor-widget-container\">\n\t\t\t\t\t\t\t<p align=\"center\"><span style=\"font-family: Helvetica, sans-serif; color: gray; font-size: 12pt;\"><span style=\"font-size: 24pt; color: #97bf00;\">\u2666<br \/><\/span><\/span>Bas\u00e9 sur des millions de cas de dommages similaires dans toute l\u2019Europe.<\/p>\t\t\t\t\t\t<\/div>\n\t\t\t\t<\/div>\n\t\t\t\t<\/div>\n\t\t\t\t\t<\/div>\n\t\t\t\t<\/div>\n\t\t<div class=\"elementor-element elementor-element-81a5c24 e-flex e-con-boxed e-con e-parent\" data-id=\"81a5c24\" data-element_type=\"container\" data-settings=\"{&quot;background_background&quot;:&quot;classic&quot;,&quot;content_width&quot;:&quot;boxed&quot;}\" data-core-v316-plus=\"true\">\n\t\t\t\t\t<div class=\"e-con-inner\">\n\t\t\t\t<div class=\"elementor-element elementor-element-525f3641 elementor-widget elementor-widget-image\" data-id=\"525f3641\" data-element_type=\"widget\" data-widget_type=\"image.default\">\n\t\t\t\t<div class=\"elementor-widget-container\">\n\t\t\t\t\t\t\t\t\t\t\t\t\t\t<a href=\"https:\/\/www.inmotiv.be\">\n\t\t\t\t\t\t\t<img decoding=\"async\" width=\"173\" height=\"45\" src=\"https:\/\/12d-wp-acc.inmotiv.be\/wp-content\/uploads\/2024\/05\/InMotiv_logo_fc_Transparant_Klein.png\" class=\"attachment-medium size-medium wp-image-136\" alt=\"\" \/>\t\t\t\t\t\t\t\t<\/a>\n\t\t\t\t\t\t\t\t\t\t\t\t\t<\/div>\n\t\t\t\t<\/div>\n\t\t\t\t<div class=\"elementor-element elementor-element-7c7e67aa elementor-widget__width-auto elementor-widget elementor-widget-text-editor\" data-id=\"7c7e67aa\" data-element_type=\"widget\" data-widget_type=\"text-editor.default\">\n\t\t\t\t<div class=\"elementor-widget-container\">\n\t\t\t\t\t\t\t<p><span style=\"font-family: helvetica, arial, sans-serif;\"><span style=\"font-size: 10pt;\"><span style=\"color: #999999;\">Cette application est un produit d&#8217;<a href=\"http:\/\/www.inmotiv.be\"><span style=\"color: #97bf0d;\">inMotiv<\/span><\/a>. Besoin d&#8217;aide suppl\u00e9mentaire ou souhaitez-vous des informations compl\u00e9mentaires? Contactez le Service Desk inMotiv. <span style=\"color: #97bf0d;\"><a style=\"color: #97bf0d;\" href=\"mailto:servicedesk@inmotiv.be\">servicedesk@inmotiv.be<\/a><\/span> +32 (0)3 369 18 17<\/span><\/span><\/span><\/p>\t\t\t\t\t\t<\/div>\n\t\t\t\t<\/div>\n\t\t\t\t\t<\/div>\n\t\t\t\t<\/div>\n\t\t\t\t<\/div>\n\t\t","protected":false},"excerpt":{"rendered":"<p>Des d\u00e9g\u00e2ts sur votre v\u00e9hicule? Cliquez ici et calculez imm\u00e9diatement les frais de r\u00e9paration! \u2666Avec ce calculateur en ligne, vous pouvez estimer rapidement, facilement et avec pr\u00e9cision les co\u00fbts de r\u00e9paration de votre v\u00e9hicule. \u2666Le rapport d&#8217;estimation est disponible imm\u00e9diatement ! \u2666Seulement 9,90 \u20ac par calcul, rapport d\u00e9taill\u00e9 compris. \u2666Bas\u00e9 sur des millions de cas [&hellip;]<\/p>\n","protected":false},"author":1,"featured_media":0,"parent":0,"menu_order":0,"comment_status":"closed","ping_status":"closed","template":"","meta":{"footnotes":""},"_links":{"self":[{"href":"https:\/\/12d-wp-acc.inmotiv.be\/index.php\/wp-json\/wp\/v2\/pages\/22"}],"collection":[{"href":"https:\/\/12d-wp-acc.inmotiv.be\/index.php\/wp-json\/wp\/v2\/pages"}],"about":[{"href":"https:\/\/12d-wp-acc.inmotiv.be\/index.php\/wp-json\/wp\/v2\/types\/page"}],"author":[{"embeddable":true,"href":"https:\/\/12d-wp-acc.inmotiv.be\/index.php\/wp-json\/wp\/v2\/users\/1"}],"replies":[{"embeddable":true,"href":"https:\/\/12d-wp-acc.inmotiv.be\/index.php\/wp-json\/wp\/v2\/comments?post=22"}],"version-history":[{"count":45,"href":"https:\/\/12d-wp-acc.inmotiv.be\/index.php\/wp-json\/wp\/v2\/pages\/22\/revisions"}],"predecessor-version":[{"id":444,"href":"https:\/\/12d-wp-acc.inmotiv.be\/index.php\/wp-json\/wp\/v2\/pages\/22\/revisions\/444"}],"wp:attachment":[{"href":"https:\/\/12d-wp-acc.inmotiv.be\/index.php\/wp-json\/wp\/v2\/media?parent=22"}],"curies":[{"name":"wp","href":"https:\/\/api.w.org\/{rel}","templated":true}]}}